{"id":14,"date":"2019-04-04T11:23:57","date_gmt":"2019-04-04T09:23:57","guid":{"rendered":"http:\/\/pretexte-a.com\/?page_id=14"},"modified":"2025-11-17T09:24:58","modified_gmt":"2025-11-17T08:24:58","slug":"a-propos","status":"publish","type":"page","link":"https:\/\/pretexte-a.com\/","title":{"rendered":"A propos"},"content":{"rendered":"\n<p>Toute situation peut \u00eatre pr\u00e9texte \u00e0 apprendre, \u00e9voluer, changer, se transformer, faire bouger ses repr\u00e9sentations.<\/p>\n\n\n\n<p>Je propose aux entreprises d&rsquo;aborder ces \u00e9volutions dans des formats diff\u00e9rents (ateliers, conf\u00e9rences, performances &#8230;) \u00e0 travers l&rsquo;apport de l&rsquo;art, d&rsquo;un travail sur les \u00e9motions et le questionnement.<\/p>\n\n\n\n<p><\/p>\n\n\n\n<p><\/p>\n\n\n\n<p><\/p>\n\n\n\n<p><\/p>\n\n\n\n<div class=\"wp-block-columns is-layout-flex wp-container-core-columns-is-layout-9d6595d7 wp-block-columns-is-layout-flex\">\n<div class=\"wp-block-column is-layout-flow wp-block-column-is-layout-flow\" style=\"flex-basis:100%\"><\/div>\n<\/div>\n\n\n\n<div class=\"wp-block-columns is-layout-flex wp-container-core-columns-is-layout-9d6595d7 wp-block-columns-is-layout-flex\">\n<div class=\"wp-block-column is-layout-flow wp-block-column-is-layout-flow\" style=\"flex-basis:16.67%\"><\/div>\n\n\n\n<div class=\"wp-block-column is-layout-flow wp-block-column-is-layout-flow\" style=\"flex-basis:16.67%\"><\/div>\n\n\n\n<div class=\"wp-block-column is-layout-flow wp-block-column-is-layout-flow\" style=\"flex-basis:16.67%\"><\/div>\n\n\n\n<div class=\"wp-block-column is-layout-flow wp-block-column-is-layout-flow\" style=\"flex-basis:16.67%\"><\/div>\n\n\n\n<div class=\"wp-block-column is-layout-flow wp-block-column-is-layout-flow\" style=\"flex-basis:16.67%\"><\/div>\n\n\n\n<div class=\"wp-block-column is-layout-flow wp-block-column-is-layout-flow\" style=\"flex-basis:16.67%\"><\/div>\n<\/div>\n","protected":false},"excerpt":{"rendered":"<p>Toute situation peut \u00eatre pr\u00e9texte \u00e0 apprendre, \u00e9voluer, changer, se transformer, faire bouger ses repr\u00e9sentations. Je propose aux entreprises d&rsquo;aborder ces \u00e9volutions dans des formats diff\u00e9rents (ateliers, conf\u00e9rences, performances &#8230;)&#8230;<\/p>\n<p class=\"read-more\"><a class=\"btn btn-default\" href=\"https:\/\/pretexte-a.com\/\"> Read More<span class=\"screen-reader-text\">  Read More<\/span><\/a><\/p>\n","protected":false},"author":1,"featured_media":0,"parent":0,"menu_order":1,"comment_status":"closed","ping_status":"closed","template":"","meta":{"footnotes":""},"class_list":["post-14","page","type-page","status-publish","hentry"],"_links":{"self":[{"href":"https:\/\/pretexte-a.com\/index.php\/wp-json\/wp\/v2\/pages\/14","targetHints":{"allow":["GET"]}}],"collection":[{"href":"https:\/\/pretexte-a.com\/index.php\/wp-json\/wp\/v2\/pages"}],"about":[{"href":"https:\/\/pretexte-a.com\/index.php\/wp-json\/wp\/v2\/types\/page"}],"author":[{"embeddable":true,"href":"https:\/\/pretexte-a.com\/index.php\/wp-json\/wp\/v2\/users\/1"}],"replies":[{"embeddable":true,"href":"https:\/\/pretexte-a.com\/index.php\/wp-json\/wp\/v2\/comments?post=14"}],"version-history":[{"count":53,"href":"https:\/\/pretexte-a.com\/index.php\/wp-json\/wp\/v2\/pages\/14\/revisions"}],"predecessor-version":[{"id":948,"href":"https:\/\/pretexte-a.com\/index.php\/wp-json\/wp\/v2\/pages\/14\/revisions\/948"}],"wp:attachment":[{"href":"https:\/\/pretexte-a.com\/index.php\/wp-json\/wp\/v2\/media?parent=14"}],"curies":[{"name":"wp","href":"https:\/\/api.w.org\/{rel}","templated":true}]}}